{"id":110,"date":"2023-05-26T17:02:30","date_gmt":"2023-05-26T09:02:30","guid":{"rendered":"https:\/\/shuliypre.com\/?page_id=110"},"modified":"2023-06-02T16:15:06","modified_gmt":"2023-06-02T08:15:06","slug":"contact-us","status":"publish","type":"page","link":"https:\/\/shuliypre.com\/fr\/contactez-nous\/","title":{"rendered":"Contactez-nous"},"content":{"rendered":"<div data-elementor-type=\"wp-page\" data-elementor-id=\"110\" class=\"elementor elementor-110\" data-elementor-post-type=\"page\"> \t\t\t\t<div class=\"elementor-element elementor-element-dd2f176 e-flex e-con-boxed e-con e-parent\" data-id=\"dd2f176\" data-element_type=\"container\" data-e-type=\"container\" data-settings=\"{&quot;background_background&quot;:&quot;classic&quot;}\"> \t\t\t\t\t<div class=\"e-con-inner\"> \t\t<div class=\"elementor-element elementor-element-150d353 e-flex e-con-boxed e-con e-parent\" data-id=\"150d353\" data-element_type=\"container\" data-e-type=\"container\"> \t\t\t\t\t<div class=\"e-con-inner\"> \t\t\t\t<div class=\"elementor-element elementor-element-fd3eab3 elementor-widget elementor-widget-heading\" data-id=\"fd3eab3\" data-element_type=\"widget\" data-e-type=\"widget\" data-widget_type=\"heading.default\"> \t\t\t\t\t<h2 class=\"elementor-heading-title elementor-size-default\">Contactez-nous<\/h2>\t\t\t\t<\/div> \t\t\t\t<div class=\"elementor-element elementor-element-bd29631 elementor-widget elementor-widget-shortcode\" data-id=\"bd29631\" data-element_type=\"widget\" data-e-type=\"widget\" data-widget_type=\"shortcode.default\"> \t\t\t\t\t\t\t<div class=\"elementor-shortcode\"><nav aria-label=\"miettes de pain\" class=\"rank-math-breadcrumb\"><p><span class=\"last\">Accueil<\/span><\/p><\/nav> <\/div> \t\t\t\t\t\t<\/div> \t\t\t\t\t<\/div> \t\t\t\t<\/div> \t\t\t\t\t<\/div> \t\t\t\t<\/div> \t\t<div class=\"elementor-element elementor-element-935a0ff e-flex e-con-boxed e-con e-parent\" data-id=\"935a0ff\" data-element_type=\"container\" data-e-type=\"container\"> \t\t\t\t\t<div class=\"e-con-inner\"> \t\t<div class=\"elementor-element elementor-element-3d899b4 e-con-full e-flex e-con e-parent\" data-id=\"3d899b4\" data-element_type=\"container\" data-e-type=\"container\"> \t\t\t\t<div class=\"elementor-element elementor-element-c6681bc elementor-widget elementor-widget-heading\" data-id=\"c6681bc\" data-element_type=\"widget\" data-e-type=\"widget\" data-widget_type=\"heading.default\"> \t\t\t\t\t<h2 class=\"elementor-heading-title elementor-size-default\">Nous serions ravis d\u2019avoir de vos nouvelles !<\/h2>\t\t\t\t<\/div> \t\t\t\t<div class=\"elementor-element elementor-element-bab020c elementor-widget elementor-widget-text-editor\" data-id=\"bab020c\" data-element_type=\"widget\" data-e-type=\"widget\" data-widget_type=\"text-editor.default\"> \t\t\t\t\t\t\t\t\t<p>N'h\u00e9sitez pas \u00e0 nous contacter si vous avez des questions avant-vente ou apr\u00e8s-vente, ou m\u00eame si vous souhaitez simplement partager quelques r\u00e9flexions et id\u00e9es int\u00e9ressantes.<\/p><p>Nous acceptons les demandes de n\u2019importe quelle langue dans le monde.<\/p><p>Quel que soit le pays dans lequel vous vous trouvez, nous vous r\u00e9pondrons professionnellement dans les 24 heures.<\/p><p>N'h\u00e9sitez pas \u00e0 nous contacter. Merci.<\/p>\t\t\t\t\t\t\t\t<\/div> \t\t\t\t<\/div> \t\t<div class=\"elementor-element elementor-element-c2d784d e-con-full e-flex e-con e-parent\" data-id=\"c2d784d\" data-element_type=\"container\" data-e-type=\"container\"> \t\t\t\t<div class=\"elementor-element elementor-element-29e964e elementor-widget elementor-widget-heading\" data-id=\"29e964e\" data-element_type=\"widget\" data-e-type=\"widget\" data-widget_type=\"heading.default\"> \t\t\t\t\t<h2 class=\"elementor-heading-title elementor-size-default\">Contactez-nous<\/h2>\t\t\t\t<\/div> \t\t\t\t<div class=\"elementor-element elementor-element-9d2006c elementor-widget elementor-widget-text-editor\" data-id=\"9d2006c\" data-element_type=\"widget\" data-e-type=\"widget\" data-widget_type=\"text-editor.default\"> \t\t\t\t\t\t\t\t\t<p>WhatsApp\u00a0: +86 17329325832<\/p> <p>T\u00e9l et WeChat\u00a0: +86 17329325832<\/p> <p>Courriel\u00a0: info@shuliypre.com<\/p>\t\t\t\t\t\t\t\t<\/div> \t\t\t\t<\/div> \t\t\t\t\t<\/div> \t\t\t\t<\/div> \t\t\t\t<\/div>","protected":false},"excerpt":{"rendered":"<p>Cotact Us We would love to hear from you! Do not hesitate to contact us if you have any pre-sale or after-sale questions, or even if you only want to share some cool thoughts and ideas. We accept inquiries from any language in the world. No matter which country you are in, we will give [&hellip;]<\/p>\n","protected":false},"author":1,"featured_media":0,"parent":0,"menu_order":0,"comment_status":"closed","ping_status":"closed","template":"","meta":{"footnotes":""},"class_list":["post-110","page","type-page","status-publish","hentry"],"_links":{"self":[{"href":"https:\/\/shuliypre.com\/fr\/wp-json\/wp\/v2\/pages\/110","targetHints":{"allow":["GET"]}}],"collection":[{"href":"https:\/\/shuliypre.com\/fr\/wp-json\/wp\/v2\/pages"}],"about":[{"href":"https:\/\/shuliypre.com\/fr\/wp-json\/wp\/v2\/types\/page"}],"author":[{"embeddable":true,"href":"https:\/\/shuliypre.com\/fr\/wp-json\/wp\/v2\/users\/1"}],"replies":[{"embeddable":true,"href":"https:\/\/shuliypre.com\/fr\/wp-json\/wp\/v2\/comments?post=110"}],"version-history":[{"count":0,"href":"https:\/\/shuliypre.com\/fr\/wp-json\/wp\/v2\/pages\/110\/revisions"}],"wp:attachment":[{"href":"https:\/\/shuliypre.com\/fr\/wp-json\/wp\/v2\/media?parent=110"}],"curies":[{"name":"wp","href":"https:\/\/api.w.org\/{rel}","templated":true}]}}