{"id":104,"date":"2023-05-26T17:01:23","date_gmt":"2023-05-26T09:01:23","guid":{"rendered":"https:\/\/shuliypre.com\/?page_id=104"},"modified":"2023-06-21T15:31:56","modified_gmt":"2023-06-21T07:31:56","slug":"about-us","status":"publish","type":"page","link":"https:\/\/shuliypre.com\/pt\/about-us\/","title":{"rendered":"Sobre n\u00f3s"},"content":{"rendered":"<div data-elementor-type=\"wp-page\" data-elementor-id=\"104\" class=\"elementor elementor-104\" data-elementor-post-type=\"page\"> \t\t\t\t<div class=\"elementor-element elementor-element-6f3886f e-flex e-con-boxed e-con e-parent\" data-id=\"6f3886f\" data-element_type=\"container\" data-e-type=\"container\"> \t\t\t\t\t<div class=\"e-con-inner\"> \t\t<div class=\"elementor-element elementor-element-43e165d e-flex e-con-boxed e-con e-parent\" data-id=\"43e165d\" data-element_type=\"container\" data-e-type=\"container\"> \t\t\t\t\t<div class=\"e-con-inner\"> \t\t\t\t<div class=\"elementor-element elementor-element-5107071 elementor-widget elementor-widget-heading\" data-id=\"5107071\" data-element_type=\"widget\" data-e-type=\"widget\" data-widget_type=\"heading.default\"> \t\t\t\t\t<h2 class=\"elementor-heading-title elementor-size-default\">Sobre n\u00f3s<\/h2>\t\t\t\t<\/div> \t\t\t\t<div class=\"elementor-element elementor-element-29c9913 elementor-widget elementor-widget-shortcode\" data-id=\"29c9913\" data-element_type=\"widget\" data-e-type=\"widget\" data-widget_type=\"shortcode.default\"> \t\t\t\t\t\t\t<div class=\"elementor-shortcode\"><nav aria-label=\"Migalhas de p\u00e3o\" class=\"rank-math-breadcrumb\"><p><span class=\"last\">Lar<\/span><\/p><\/nav> <\/div> \t\t\t\t\t\t<\/div> \t\t\t\t\t<\/div> \t\t\t\t<\/div> \t\t\t\t\t<\/div> \t\t\t\t<\/div> \t\t<div class=\"elementor-element elementor-element-1484683 e-flex e-con-boxed e-con e-parent\" data-id=\"1484683\" data-element_type=\"container\" data-e-type=\"container\"> \t\t\t\t\t<div class=\"e-con-inner\"> \t\t<div class=\"elementor-element elementor-element-b318ee9 e-con-full e-flex e-con e-parent\" data-id=\"b318ee9\" data-element_type=\"container\" data-e-type=\"container\"> \t\t\t\t<div class=\"elementor-element elementor-element-903a07d elementor-widget elementor-widget-heading\" data-id=\"903a07d\" data-element_type=\"widget\" data-e-type=\"widget\" data-widget_type=\"heading.default\"> \t\t\t\t\t<h2 class=\"elementor-heading-title elementor-size-default\">M\u00e1quinas Shuily<\/h2>\t\t\t\t<\/div> \t\t<div class=\"elementor-element elementor-element-b8d3be3 e-con-full e-flex e-con e-parent\" data-id=\"b8d3be3\" data-element_type=\"container\" data-e-type=\"container\"> \t\t\t\t<div class=\"elementor-element elementor-element-2c723c2 elementor-widget elementor-widget-text-editor\" data-id=\"2c723c2\" data-element_type=\"widget\" data-e-type=\"widget\" data-widget_type=\"text-editor.default\"> \t\t\t\t\t\t\t\t\t<div class=\"wp-block-columns is-layout-flex wp-container-2\"><div class=\"wp-block-column is-layout-flow\"><p>Shuliy Machinery \u00e9 um fornecedor completo de tecnologia e m\u00e1quinas de prote\u00e7\u00e3o ambiental, especialmente com muitos anos de experi\u00eancia em produ\u00e7\u00e3o de tecnologia de produ\u00e7\u00e3o de m\u00e1quinas de pl\u00e1stico. Nossa linha de produ\u00e7\u00e3o de m\u00e1quinas de pl\u00e1stico \u00e9 amplamente utilizada em garrafas de \u00e1gua mineral, garrafas de bebidas, sacos tecidos, correias pl\u00e1sticas, caixas de espuma para fast food e outros res\u00edduos recicl\u00e1veis.<\/p><p>Podemos fornecer a voc\u00ea uma linha completa de produ\u00e7\u00e3o de granula\u00e7\u00e3o de pl\u00e1stico, linha de produ\u00e7\u00e3o de reciclagem de garrafas pl\u00e1sticas, linha de reciclagem de flocos de pp pe e assim por diante.<\/p><\/div><\/div>\t\t\t\t\t\t\t\t<\/div> \t\t\t\t<\/div> \t\t\t\t<\/div> \t\t\t\t\t<\/div> \t\t\t\t<\/div> \t\t<div class=\"elementor-element elementor-element-1b70861 e-flex e-con-boxed e-con e-parent\" data-id=\"1b70861\" data-element_type=\"container\" data-e-type=\"container\"> \t\t\t\t\t<div class=\"e-con-inner\"> \t\t<div class=\"elementor-element elementor-element-5ea10e8 e-flex e-con-boxed e-con e-parent\" data-id=\"5ea10e8\" data-element_type=\"container\" data-e-type=\"container\" data-settings=\"{&quot;background_background&quot;:&quot;classic&quot;}\"> \t\t\t\t\t<div class=\"e-con-inner\"> \t\t\t\t<div class=\"elementor-element elementor-element-4ec5b41 elementor-view-default elementor-position-block-start elementor-mobile-position-block-start elementor-widget elementor-widget-icon-box\" data-id=\"4ec5b41\" data-element_type=\"widget\" data-e-type=\"widget\" data-widget_type=\"icon-box.default\"> \t\t\t\t\t\t\t<div class=\"elementor-icon-box-wrapper\">  \t\t\t\t\t\t<div class=\"elementor-icon-box-icon\"> \t\t\t\t<span  class=\"elementor-icon\"> \t\t\t\t<svg aria-hidden=\"true\" class=\"e-font-icon-svg e-fas-stopwatch-20\" viewbox=\"0 0 448 512\" xmlns=\"http:\/\/www.w3.org\/2000\/svg\"><path d=\"M398.5,190.91l.59-.61,26.59-26.58a16,16,0,0,0,0-22.63L403,118.41a16,16,0,0,0-22.63,0l-24.68,24.68A206.68,206.68,0,0,0,256,98.5V64h32a16,16,0,0,0,16-16V16A16,16,0,0,0,288,0H160a16.05,16.05,0,0,0-16,16V48a16.05,16.05,0,0,0,16,16h32V98.5A207.92,207.92,0,0,0,16.09,297.57C12.64,411.5,106.76,510.22,220.72,512,337.13,513.77,432,420,432,304A206,206,0,0,0,398.5,190.91ZM204.37,377.55a8.2,8.2,0,0,1,8.32,8.07v22.31a8.2,8.2,0,0,1-8.32,8.07H121.52a16.46,16.46,0,0,1-16.61-17.62c2.78-35.22,14.67-57.41,38.45-91.37,20.42-29.19,27.1-37.32,27.1-62.34,0-16.92-1.79-24.27-12.21-24.27-9.39,0-12.69,7.4-12.69,22.68v5.23a8.2,8.2,0,0,1-8.33,8.07h-24.9a8.2,8.2,0,0,1-8.33-8.07v-4.07c0-27.3,8.48-60.24,56.43-60.24,43,0,55.57,25.85,55.57,61,0,35.58-12.44,51.21-34.35,81.31-11.56,15-24.61,35.57-26.41,51.2ZM344,352.32c0,35.16-12.3,63.68-57.23,63.68C243.19,416,232,386.48,232,352.55V247.22c0-40.73,19.58-63.22,56.2-63.22C325,184,344,206.64,344,245.3ZM287.87,221.73c-9.41,0-13.23,7.5-13.23,20V357.68c0,13.11,3.59,20.59,13.23,20.59s13-8,13-21.27V241.06C300.89,229.79,297.88,221.73,287.87,221.73Z\"><\/path><\/svg>\t\t\t\t<\/span> \t\t\t<\/div> \t\t\t \t\t\t\t\t\t<div class=\"elementor-icon-box-content\">  \t\t\t\t\t\t\t\t\t<h3 class=\"elementor-icon-box-title\"> \t\t\t\t\t\t<span  > \t\t\t\t\t\t\tEste \u00e9 o t\u00edtulo\t\t\t\t\t\t<\/span> \t\t\t\t\t<\/h3> \t\t\t\t \t\t\t\t\t\t\t\t\t<p class=\"elementor-icon-box-description\"> \t\t\t\t\t\t Mais de 20 anos\t\t\t\t\t<\/p> \t\t\t\t \t\t\t<\/div> \t\t\t \t\t<\/div> \t\t\t\t\t\t<\/div> \t\t\t\t<div class=\"elementor-element elementor-element-402d523 elementor-view-default elementor-position-block-start elementor-mobile-position-block-start elementor-widget elementor-widget-icon-box\" data-id=\"402d523\" data-element_type=\"widget\" data-e-type=\"widget\" data-widget_type=\"icon-box.default\"> \t\t\t\t\t\t\t<div class=\"elementor-icon-box-wrapper\">  \t\t\t\t\t\t<div class=\"elementor-icon-box-icon\"> \t\t\t\t<span  class=\"elementor-icon\"> \t\t\t\t<svg aria-hidden=\"true\" class=\"e-font-icon-svg e-fas-globe-americas\" viewbox=\"0 0 496 512\" xmlns=\"http:\/\/www.w3.org\/2000\/svg\"><path d=\"M248 8C111.03 8 0 119.03 0 256s111.03 248 248 248 248-111.03 248-248S384.97 8 248 8zm82.29 357.6c-3.9 3.88-7.99 7.95-11.31 11.28-2.99 3-5.1 6.7-6.17 10.71-1.51 5.66-2.73 11.38-4.77 16.87l-17.39 46.85c-13.76 3-28 4.69-42.65 4.69v-27.38c1.69-12.62-7.64-36.26-22.63-51.25-6-6-9.37-14.14-9.37-22.63v-32.01c0-11.64-6.27-22.34-16.46-27.97-14.37-7.95-34.81-19.06-48.81-26.11-11.48-5.78-22.1-13.14-31.65-21.75l-.8-.72a114.792 114.792 0 0 1-18.06-20.74c-9.38-13.77-24.66-36.42-34.59-51.14 20.47-45.5 57.36-82.04 103.2-101.89l24.01 12.01C203.48 89.74 216 82.01 216 70.11v-11.3c7.99-1.29 16.12-2.11 24.39-2.42l28.3 28.3c6.25 6.25 6.25 16.38 0 22.63L264 112l-10.34 10.34c-3.12 3.12-3.12 8.19 0 11.31l4.69 4.69c3.12 3.12 3.12 8.19 0 11.31l-8 8a8.008 8.008 0 0 1-5.66 2.34h-8.99c-2.08 0-4.08.81-5.58 2.27l-9.92 9.65a8.008 8.008 0 0 0-1.58 9.31l15.59 31.19c2.66 5.32-1.21 11.58-7.15 11.58h-5.64c-1.93 0-3.79-.7-5.24-1.96l-9.28-8.06a16.017 16.017 0 0 0-15.55-3.1l-31.17 10.39a11.95 11.95 0 0 0-8.17 11.34c0 4.53 2.56 8.66 6.61 10.69l11.08 5.54c9.41 4.71 19.79 7.16 30.31 7.16s22.59 27.29 32 32h66.75c8.49 0 16.62 3.37 22.63 9.37l13.69 13.69a30.503 30.503 0 0 1 8.93 21.57 46.536 46.536 0 0 1-13.72 32.98zM417 274.25c-5.79-1.45-10.84-5-14.15-9.97l-17.98-26.97a23.97 23.97 0 0 1 0-26.62l19.59-29.38c2.32-3.47 5.5-6.29 9.24-8.15l12.98-6.49C440.2 193.59 448 223.87 448 256c0 8.67-.74 17.16-1.82 25.54L417 274.25z\"><\/path><\/svg>\t\t\t\t<\/span> \t\t\t<\/div> \t\t\t \t\t\t\t\t\t<div class=\"elementor-icon-box-content\">  \t\t\t\t\t\t\t\t\t<h3 class=\"elementor-icon-box-title\"> \t\t\t\t\t\t<span  > \t\t\t\t\t\t\tEste \u00e9 o t\u00edtulo\t\t\t\t\t\t<\/span> \t\t\t\t\t<\/h3> \t\t\t\t \t\t\t\t\t\t\t\t\t<p class=\"elementor-icon-box-description\"> \t\t\t\t\t\t Mais de 50 pa\u00edses\t\t\t\t\t<\/p> \t\t\t\t \t\t\t<\/div> \t\t\t \t\t<\/div> \t\t\t\t\t\t<\/div> \t\t\t\t<div class=\"elementor-element elementor-element-95591c4 elementor-view-default elementor-position-block-start elementor-mobile-position-block-start elementor-widget elementor-widget-icon-box\" data-id=\"95591c4\" data-element_type=\"widget\" data-e-type=\"widget\" data-widget_type=\"icon-box.default\"> \t\t\t\t\t\t\t<div class=\"elementor-icon-box-wrapper\">  \t\t\t\t\t\t<div class=\"elementor-icon-box-icon\"> \t\t\t\t<span  class=\"elementor-icon\"> \t\t\t\t<svg aria-hidden=\"true\" class=\"e-font-icon-svg e-far-grin-beam\" viewbox=\"0 0 496 512\" xmlns=\"http:\/\/www.w3.org\/2000\/svg\"><path d=\"M248 8C111 8 0 119 0 256s111 248 248 248 248-111 248-248S385 8 248 8zm0 448c-110.3 0-200-89.7-200-200S137.7 56 248 56s200 89.7 200 200-89.7 200-200 200zm105.6-151.4c-25.9 8.3-64.4 13.1-105.6 13.1s-79.6-4.8-105.6-13.1c-9.8-3.1-19.4 5.3-17.7 15.3 7.9 47.1 71.3 80 123.3 80s115.3-32.9 123.3-80c1.6-9.8-7.7-18.4-17.7-15.3zm-235.9-72.9c3.5 1.1 7.4-.5 9.3-3.7l9.5-17c7.7-13.7 19.2-21.6 31.5-21.6s23.8 7.9 31.5 21.6l9.5 17c2.1 3.7 6.2 4.7 9.3 3.7 3.6-1.1 6-4.5 5.7-8.3-3.3-42.1-32.2-71.4-56-71.4s-52.7 29.3-56 71.4c-.3 3.7 2.1 7.2 5.7 8.3zm160 0c3.5 1.1 7.4-.5 9.3-3.7l9.5-17c7.7-13.7 19.2-21.6 31.5-21.6s23.8 7.9 31.5 21.6l9.5 17c2.1 3.7 6.2 4.7 9.3 3.7 3.6-1.1 6-4.5 5.7-8.3-3.3-42.1-32.2-71.4-56-71.4s-52.7 29.3-56 71.4c-.3 3.7 2.1 7.2 5.7 8.3z\"><\/path><\/svg>\t\t\t\t<\/span> \t\t\t<\/div> \t\t\t \t\t\t\t\t\t<div class=\"elementor-icon-box-content\">  \t\t\t\t\t\t\t\t\t<h3 class=\"elementor-icon-box-title\"> \t\t\t\t\t\t<span  > \t\t\t\t\t\t\tEste \u00e9 o t\u00edtulo\t\t\t\t\t\t<\/span> \t\t\t\t\t<\/h3> \t\t\t\t \t\t\t\t\t\t\t\t\t<p class=\"elementor-icon-box-description\"> \t\t\t\t\t\tMais de 2.000 clientes\t\t\t\t\t<\/p> \t\t\t\t \t\t\t<\/div> \t\t\t \t\t<\/div> \t\t\t\t\t\t<\/div> \t\t\t\t\t<\/div> \t\t\t\t<\/div> \t\t\t\t\t<\/div> \t\t\t\t<\/div> \t\t<div class=\"elementor-element elementor-element-8862f0d e-flex e-con-boxed e-con e-parent\" data-id=\"8862f0d\" data-element_type=\"container\" data-e-type=\"container\" data-settings=\"{&quot;background_background&quot;:&quot;classic&quot;}\"> \t\t\t\t\t<div class=\"e-con-inner\"> \t\t<div class=\"elementor-element elementor-element-7c08fc8 e-con-full e-flex e-con e-parent\" data-id=\"7c08fc8\" data-element_type=\"container\" data-e-type=\"container\"> \t\t<div class=\"elementor-element elementor-element-a794e6d e-flex e-con-boxed e-con e-parent\" data-id=\"a794e6d\" data-element_type=\"container\" data-e-type=\"container\"> \t\t\t\t\t<div class=\"e-con-inner\"> \t\t\t\t<div class=\"elementor-element elementor-element-d9ba555 elementor-widget elementor-widget-heading\" data-id=\"d9ba555\" data-element_type=\"widget\" data-e-type=\"widget\" data-widget_type=\"heading.default\"> \t\t\t\t\t<h2 class=\"elementor-heading-title elementor-size-default\">Conquiste clientes<\/h2>\t\t\t\t<\/div> \t\t\t\t\t<\/div> \t\t\t\t<\/div> \t\t<div class=\"elementor-element elementor-element-ffb8ab5 e-flex e-con-boxed e-con e-parent\" data-id=\"ffb8ab5\" data-element_type=\"container\" data-e-type=\"container\"> \t\t\t\t\t<div class=\"e-con-inner\"> \t\t\t\t<div class=\"elementor-element elementor-element-2c1dbf3 elementor-widget elementor-widget-text-editor\" data-id=\"2c1dbf3\" data-element_type=\"widget\" data-e-type=\"widget\" data-widget_type=\"text-editor.default\"> \t\t\t\t\t\t\t\t\t<p>Especialistas mec\u00e2nicos como orienta\u00e7\u00e3o, otimiza\u00e7\u00e3o cont\u00ednua e melhoria da tecnologia e fundi\u00e7\u00e3o de excelente qualidade. Otimize constantemente os indicadores de desempenho do equipamento e forne\u00e7a constantemente aos usu\u00e1rios melhores produtos e melhor experi\u00eancia do usu\u00e1rio.<\/p>\t\t\t\t\t\t\t\t<\/div> \t\t\t\t\t<\/div> \t\t\t\t<\/div> \t\t\t\t<\/div> \t\t<div class=\"elementor-element elementor-element-e020df2 e-flex e-con-boxed e-con e-parent\" data-id=\"e020df2\" data-element_type=\"container\" data-e-type=\"container\"> \t\t\t\t\t<div class=\"e-con-inner\"> \t\t<div class=\"elementor-element elementor-element-553cf9f e-flex e-con-boxed e-con e-parent\" data-id=\"553cf9f\" data-element_type=\"container\" data-e-type=\"container\" data-settings=\"{&quot;background_background&quot;:&quot;classic&quot;}\"> \t\t\t\t\t<div class=\"e-con-inner\"> \t\t<div class=\"elementor-element elementor-element-090d4b8 e-flex e-con-boxed e-con e-parent\" data-id=\"090d4b8\" data-element_type=\"container\" data-e-type=\"container\" data-settings=\"{&quot;background_background&quot;:&quot;classic&quot;}\"> \t\t\t\t\t<div class=\"e-con-inner\"> \t\t\t\t<div class=\"elementor-element elementor-element-7318c25 elementor-widget elementor-widget-image\" data-id=\"7318c25\" data-element_type=\"widget\" data-e-type=\"widget\" data-widget_type=\"image.default\"> \t\t\t\t\t\t\t\t\t\t\t\t\t\t\t<img fetchpriority=\"high\" decoding=\"async\" width=\"720\" height=\"540\" src=\"https:\/\/shuliypre.com\/wp-content\/uploads\/2023\/06\/customers.webp\" class=\"attachment-large size-large wp-image-1411\" alt=\"\" srcset=\"https:\/\/shuliypre.com\/wp-content\/uploads\/2023\/06\/customers.webp 720w, https:\/\/shuliypre.com\/wp-content\/uploads\/2023\/06\/customers-360x270.webp 360w, https:\/\/shuliypre.com\/wp-content\/uploads\/2023\/06\/customers-240x180.webp 240w\" sizes=\"(max-width: 720px) 100vw, 720px\" \/>\t\t\t\t\t\t\t\t\t\t\t\t\t\t\t<\/div> \t\t\t\t\t<\/div> \t\t\t\t<\/div> \t\t<div class=\"elementor-element elementor-element-dc7e729 e-flex e-con-boxed e-con e-parent\" data-id=\"dc7e729\" data-element_type=\"container\" data-e-type=\"container\" data-settings=\"{&quot;background_background&quot;:&quot;classic&quot;}\"> \t\t\t\t\t<div class=\"e-con-inner\"> \t\t\t\t<div class=\"elementor-element elementor-element-2d1d304 elementor-widget elementor-widget-image\" data-id=\"2d1d304\" data-element_type=\"widget\" data-e-type=\"widget\" data-widget_type=\"image.default\"> \t\t\t\t\t\t\t\t\t\t\t\t\t\t\t<img decoding=\"async\" width=\"720\" height=\"540\" src=\"https:\/\/shuliypre.com\/wp-content\/uploads\/2023\/06\/Shuliy-customers.webp\" class=\"attachment-large size-large wp-image-1412\" alt=\"\" srcset=\"https:\/\/shuliypre.com\/wp-content\/uploads\/2023\/06\/Shuliy-customers.webp 720w, https:\/\/shuliypre.com\/wp-content\/uploads\/2023\/06\/Shuliy-customers-360x270.webp 360w, https:\/\/shuliypre.com\/wp-content\/uploads\/2023\/06\/Shuliy-customers-240x180.webp 240w\" sizes=\"(max-width: 720px) 100vw, 720px\" \/>\t\t\t\t\t\t\t\t\t\t\t\t\t\t\t<\/div> \t\t\t\t\t<\/div> \t\t\t\t<\/div> \t\t<div class=\"elementor-element elementor-element-45bb627 e-flex e-con-boxed e-con e-parent\" data-id=\"45bb627\" data-element_type=\"container\" data-e-type=\"container\" data-settings=\"{&quot;background_background&quot;:&quot;classic&quot;}\"> \t\t\t\t\t<div class=\"e-con-inner\"> \t\t\t\t<div class=\"elementor-element elementor-element-d5ccc7c elementor-widget elementor-widget-image\" data-id=\"d5ccc7c\" data-element_type=\"widget\" data-e-type=\"widget\" data-widget_type=\"image.default\"> \t\t\t\t\t\t\t\t\t\t\t\t\t\t\t<img decoding=\"async\" width=\"720\" height=\"540\" src=\"https:\/\/shuliypre.com\/wp-content\/uploads\/2023\/06\/customers-and-our-sales-manager.webp\" class=\"attachment-large size-large wp-image-1413\" alt=\"\" srcset=\"https:\/\/shuliypre.com\/wp-content\/uploads\/2023\/06\/customers-and-our-sales-manager.webp 720w, https:\/\/shuliypre.com\/wp-content\/uploads\/2023\/06\/customers-and-our-sales-manager-360x270.webp 360w, https:\/\/shuliypre.com\/wp-content\/uploads\/2023\/06\/customers-and-our-sales-manager-240x180.webp 240w\" sizes=\"(max-width: 720px) 100vw, 720px\" \/>\t\t\t\t\t\t\t\t\t\t\t\t\t\t\t<\/div> \t\t\t\t\t<\/div> \t\t\t\t<\/div> \t\t\t\t\t<\/div> \t\t\t\t<\/div> \t\t<div class=\"elementor-element elementor-element-e3e49a2 e-flex e-con-boxed e-con e-parent\" data-id=\"e3e49a2\" data-element_type=\"container\" data-e-type=\"container\"> \t\t\t\t\t<div class=\"e-con-inner\"> \t\t<div class=\"elementor-element elementor-element-374e5d9 e-flex e-con-boxed e-con e-parent\" data-id=\"374e5d9\" data-element_type=\"container\" data-e-type=\"container\" data-settings=\"{&quot;background_background&quot;:&quot;classic&quot;}\"> \t\t\t\t\t<div class=\"e-con-inner\"> \t\t\t\t<div class=\"elementor-element elementor-element-21077d1 elementor-widget elementor-widget-image\" data-id=\"21077d1\" data-element_type=\"widget\" data-e-type=\"widget\" data-widget_type=\"image.default\"> \t\t\t\t\t\t\t\t\t\t\t\t\t\t\t<img loading=\"lazy\" decoding=\"async\" width=\"720\" height=\"540\" src=\"https:\/\/shuliypre.com\/wp-content\/uploads\/2023\/06\/Shuliy-and-customer.webp\" class=\"attachment-large size-large wp-image-1414\" alt=\"\" srcset=\"https:\/\/shuliypre.com\/wp-content\/uploads\/2023\/06\/Shuliy-and-customer.webp 720w, https:\/\/shuliypre.com\/wp-content\/uploads\/2023\/06\/Shuliy-and-customer-360x270.webp 360w, https:\/\/shuliypre.com\/wp-content\/uploads\/2023\/06\/Shuliy-and-customer-240x180.webp 240w\" sizes=\"(max-width: 720px) 100vw, 720px\" \/>\t\t\t\t\t\t\t\t\t\t\t\t\t\t\t<\/div> \t\t\t\t\t<\/div> \t\t\t\t<\/div> \t\t<div class=\"elementor-element elementor-element-1c43405 e-flex e-con-boxed e-con e-parent\" data-id=\"1c43405\" data-element_type=\"container\" data-e-type=\"container\" data-settings=\"{&quot;background_background&quot;:&quot;classic&quot;}\"> \t\t\t\t\t<div class=\"e-con-inner\"> \t\t\t\t<div class=\"elementor-element elementor-element-c4e4c9f elementor-widget elementor-widget-image\" data-id=\"c4e4c9f\" data-element_type=\"widget\" data-e-type=\"widget\" data-widget_type=\"image.default\"> \t\t\t\t\t\t\t\t\t\t\t\t\t\t\t<img loading=\"lazy\" decoding=\"async\" width=\"720\" height=\"540\" src=\"https:\/\/shuliypre.com\/wp-content\/uploads\/2023\/06\/Shuliy-Machinery.webp\" class=\"attachment-large size-large wp-image-1410\" alt=\"\" srcset=\"https:\/\/shuliypre.com\/wp-content\/uploads\/2023\/06\/Shuliy-Machinery.webp 720w, https:\/\/shuliypre.com\/wp-content\/uploads\/2023\/06\/Shuliy-Machinery-360x270.webp 360w, https:\/\/shuliypre.com\/wp-content\/uploads\/2023\/06\/Shuliy-Machinery-240x180.webp 240w\" sizes=\"(max-width: 720px) 100vw, 720px\" \/>\t\t\t\t\t\t\t\t\t\t\t\t\t\t\t<\/div> \t\t\t\t\t<\/div> \t\t\t\t<\/div> \t\t<div class=\"elementor-element elementor-element-fe8e4b2 e-flex e-con-boxed e-con e-parent\" data-id=\"fe8e4b2\" data-element_type=\"container\" data-e-type=\"container\" data-settings=\"{&quot;background_background&quot;:&quot;classic&quot;}\"> \t\t\t\t\t<div class=\"e-con-inner\"> \t\t\t\t<div class=\"elementor-element elementor-element-a486a6c elementor-widget elementor-widget-image\" data-id=\"a486a6c\" data-element_type=\"widget\" data-e-type=\"widget\" data-widget_type=\"image.default\"> \t\t\t\t\t\t\t\t\t\t\t\t\t\t\t<img loading=\"lazy\" decoding=\"async\" width=\"720\" height=\"540\" src=\"https:\/\/shuliypre.com\/wp-content\/uploads\/2023\/06\/Shuliy-Group-and-our-customer.webp\" class=\"attachment-large size-large wp-image-1415\" alt=\"\" srcset=\"https:\/\/shuliypre.com\/wp-content\/uploads\/2023\/06\/Shuliy-Group-and-our-customer.webp 720w, https:\/\/shuliypre.com\/wp-content\/uploads\/2023\/06\/Shuliy-Group-and-our-customer-360x270.webp 360w, https:\/\/shuliypre.com\/wp-content\/uploads\/2023\/06\/Shuliy-Group-and-our-customer-240x180.webp 240w\" sizes=\"(max-width: 720px) 100vw, 720px\" \/>\t\t\t\t\t\t\t\t\t\t\t\t\t\t\t<\/div> \t\t\t\t\t<\/div> \t\t\t\t<\/div> \t\t\t\t\t<\/div> \t\t\t\t<\/div> \t\t\t\t\t<\/div> \t\t\t\t<\/div> \t\t\t\t\t<\/div> \t\t\t\t<\/div> \t\t<div class=\"elementor-element elementor-element-74a19f0 e-flex e-con-boxed e-con e-parent\" data-id=\"74a19f0\" data-element_type=\"container\" data-e-type=\"container\"> \t\t\t\t\t<div class=\"e-con-inner\"> \t\t<div class=\"elementor-element elementor-element-d946b04 e-flex e-con-boxed e-con e-parent\" data-id=\"d946b04\" data-element_type=\"container\" data-e-type=\"container\"> \t\t\t\t\t<div class=\"e-con-inner\"> \t\t\t\t<div class=\"elementor-element elementor-element-0fc05f1 elementor-widget elementor-widget-heading\" data-id=\"0fc05f1\" data-element_type=\"widget\" data-e-type=\"widget\" data-widget_type=\"heading.default\"> \t\t\t\t\t<h3 class=\"elementor-heading-title elementor-size-default\">Servi\u00e7o atencioso<\/h3>\t\t\t\t<\/div> \t\t\t\t<div class=\"elementor-element elementor-element-0c37121 elementor-widget-divider--view-line elementor-widget elementor-widget-divider\" data-id=\"0c37121\" data-element_type=\"widget\" data-e-type=\"widget\" data-widget_type=\"divider.default\"> \t\t\t\t\t\t\t<div class=\"elementor-divider\"> \t\t\t<span class=\"elementor-divider-separator\"> \t\t\t\t\t\t<\/span> \t\t<\/div> \t\t\t\t\t\t<\/div> \t\t\t\t<div class=\"elementor-element elementor-element-667818c elementor-widget elementor-widget-text-editor\" data-id=\"667818c\" data-element_type=\"widget\" data-e-type=\"widget\" data-widget_type=\"text-editor.default\"> \t\t\t\t\t\t\t\t\t<p>Resposta r\u00e1pida \u00e0s d\u00favidas dos usu\u00e1rios e atendimento atencioso em todo o processo.<\/p>\t\t\t\t\t\t\t\t<\/div> \t\t\t\t<div class=\"elementor-element elementor-element-c9a43e2 elementor-icon-list--layout-traditional elementor-list-item-link-full_width elementor-widget elementor-widget-icon-list\" data-id=\"c9a43e2\" data-element_type=\"widget\" data-e-type=\"widget\" data-widget_type=\"icon-list.default\"> \t\t\t\t\t\t\t<ul class=\"elementor-icon-list-items\"> \t\t\t\t\t\t\t<li class=\"elementor-icon-list-item\"> \t\t\t\t\t\t\t\t\t\t\t<span class=\"elementor-icon-list-icon\"> \t\t\t\t\t\t\t<svg aria-hidden=\"true\" class=\"e-font-icon-svg e-fas-chevron-right\" viewbox=\"0 0 320 512\" xmlns=\"http:\/\/www.w3.org\/2000\/svg\"><path d=\"M285.476 272.971L91.132 467.314c-9.373 9.373-24.569 9.373-33.941 0l-22.667-22.667c-9.357-9.357-9.375-24.522-.04-33.901L188.505 256 34.484 101.255c-9.335-9.379-9.317-24.544.04-33.901l22.667-22.667c9.373-9.373 24.569-9.373 33.941 0L285.475 239.03c9.373 9.372 9.373 24.568.001 33.941z\"><\/path><\/svg>\t\t\t\t\t\t<\/span> \t\t\t\t\t\t\t\t\t\t<span class=\"elementor-icon-list-text\">Pr\u00e9-vendas: forne\u00e7a aos clientes uma declara\u00e7\u00e3o de viabilidade de investimento gratuita e r\u00e1pida, or\u00e7amento de planejamento de investimento, planejamento de projeto de programa, projeto de planta e outras solu\u00e7\u00f5es necess\u00e1rias.<\/span> \t\t\t\t\t\t\t\t\t<\/li> \t\t\t\t\t\t\t\t<li class=\"elementor-icon-list-item\"> \t\t\t\t\t\t\t\t\t\t\t<span class=\"elementor-icon-list-icon\"> \t\t\t\t\t\t\t<svg aria-hidden=\"true\" class=\"e-font-icon-svg e-fas-chevron-right\" viewbox=\"0 0 320 512\" xmlns=\"http:\/\/www.w3.org\/2000\/svg\"><path d=\"M285.476 272.971L91.132 467.314c-9.373 9.373-24.569 9.373-33.941 0l-22.667-22.667c-9.357-9.357-9.375-24.522-.04-33.901L188.505 256 34.484 101.255c-9.335-9.379-9.317-24.544.04-33.901l22.667-22.667c9.373-9.373 24.569-9.373 33.941 0L285.475 239.03c9.373 9.372 9.373 24.568.001 33.941z\"><\/path><\/svg>\t\t\t\t\t\t<\/span> \t\t\t\t\t\t\t\t\t\t<span class=\"elementor-icon-list-text\">Em vendas: customiza\u00e7\u00e3o profissional, entrega rel\u00e2mpago, monitoramento completo.<\/span> \t\t\t\t\t\t\t\t\t<\/li> \t\t\t\t\t\t\t\t<li class=\"elementor-icon-list-item\"> \t\t\t\t\t\t\t\t\t\t\t<span class=\"elementor-icon-list-icon\"> \t\t\t\t\t\t\t<svg aria-hidden=\"true\" class=\"e-font-icon-svg e-fas-chevron-right\" viewbox=\"0 0 320 512\" xmlns=\"http:\/\/www.w3.org\/2000\/svg\"><path d=\"M285.476 272.971L91.132 467.314c-9.373 9.373-24.569 9.373-33.941 0l-22.667-22.667c-9.357-9.357-9.375-24.522-.04-33.901L188.505 256 34.484 101.255c-9.335-9.379-9.317-24.544.04-33.901l22.667-22.667c9.373-9.373 24.569-9.373 33.941 0L285.475 239.03c9.373 9.372 9.373 24.568.001 33.941z\"><\/path><\/svg>\t\t\t\t\t\t<\/span> \t\t\t\t\t\t\t\t\t\t<span class=\"elementor-icon-list-text\">P\u00f3s-venda: Nossa equipe profissional de servi\u00e7o p\u00f3s-venda pode fornecer instala\u00e7\u00e3o e depura\u00e7\u00e3o, tecnologia de treinamento, pe\u00e7as sobressalentes e pe\u00e7as de desgaste e servi\u00e7o de manuten\u00e7\u00e3o dentro do per\u00edodo de garantia para garantir o funcionamento normal do equipamento.<\/span> \t\t\t\t\t\t\t\t\t<\/li> \t\t\t\t\t\t<\/ul> \t\t\t\t\t\t<\/div> \t\t\t\t\t<\/div> \t\t\t\t<\/div> \t\t\t\t<div class=\"elementor-element elementor-element-9fa3e35 elementor-widget elementor-widget-text-editor\" data-id=\"9fa3e35\" data-element_type=\"widget\" data-e-type=\"widget\" data-widget_type=\"text-editor.default\"> \t\t\t\t\t\t\t\t\t<p>Estamos muito dedicados a fornecer produtos de qualidade premium e servi\u00e7os satisfat\u00f3rios a todos os clientes e esperamos uma coopera\u00e7\u00e3o sincera com eles para um futuro brilhante.&nbsp;&nbsp;<\/p>\t\t\t\t\t\t\t\t<\/div> \t\t\t\t\t<\/div> \t\t\t\t<\/div> \t\t\t\t<\/div>","protected":false},"excerpt":{"rendered":"<p>About Us Shuily Machinery Shuliy Machinery is a complete supplier of environmental protection technology and machinery, especially has many years of production experience in plastic machine production technology. Our plastic machine production line is widely used in mineral water bottles, beverage bottles, woven bags, plastic belts, foam fast food boxes and other waste recycling. We [&hellip;]<\/p>\n","protected":false},"author":1,"featured_media":0,"parent":0,"menu_order":0,"comment_status":"closed","ping_status":"closed","template":"","meta":{"footnotes":""},"class_list":["post-104","page","type-page","status-publish","hentry"],"_links":{"self":[{"href":"https:\/\/shuliypre.com\/pt\/wp-json\/wp\/v2\/pages\/104","targetHints":{"allow":["GET"]}}],"collection":[{"href":"https:\/\/shuliypre.com\/pt\/wp-json\/wp\/v2\/pages"}],"about":[{"href":"https:\/\/shuliypre.com\/pt\/wp-json\/wp\/v2\/types\/page"}],"author":[{"embeddable":true,"href":"https:\/\/shuliypre.com\/pt\/wp-json\/wp\/v2\/users\/1"}],"replies":[{"embeddable":true,"href":"https:\/\/shuliypre.com\/pt\/wp-json\/wp\/v2\/comments?post=104"}],"version-history":[{"count":0,"href":"https:\/\/shuliypre.com\/pt\/wp-json\/wp\/v2\/pages\/104\/revisions"}],"wp:attachment":[{"href":"https:\/\/shuliypre.com\/pt\/wp-json\/wp\/v2\/media?parent=104"}],"curies":[{"name":"wp","href":"https:\/\/api.w.org\/{rel}","templated":true}]}}